{"id":62,"date":"2019-05-03T15:17:21","date_gmt":"2019-05-03T15:17:21","guid":{"rendered":"https:\/\/agsci.colostate.edu\/dcr\/?page_id=62"},"modified":"2019-05-03T15:17:21","modified_gmt":"2019-05-03T15:17:21","slug":"christopher-seabury","status":"publish","type":"page","link":"https:\/\/agsci.colostate.edu\/dcr\/christopher-seabury\/","title":{"rendered":"Christopher Seabury"},"content":{"rendered":"<div class=\"wpb-content-wrapper\"><p>[vc_row][vc_column][vc_column_text]<\/p>\n<h3 class=\"clearboth\"><a href=\"http:\/\/vetmed.tamu.edu\/vtpb\/directorydetail?userid=2257\" target=\"_ blank\" rel=\"noopener noreferrer\">Christopher Seabury<\/a>, MS, PhD, Assistant Professor Intercollegiate Faculty of Genetics<br \/>\nCo-Project Director<br \/>\n<a href=\"http:\/\/www.tamu.edu\/\" target=\"_ blank\" rel=\"noopener noreferrer\">Texas A&amp;M University<\/a><\/h3>\n<h3>Manuscripts<\/h3>\n<p><span style=\"font-size: 14px;\">Decker JE, McKay SD, Rolf MM, Kim J, Molina Alcal\u00e1 A, Sonstegard TS, Hanotte O, G\u00f6therstr\u00f6m A,\u00a0<strong>Seabury CM<\/strong>, Praharani L, Babar ME, Correia de Almeida Regitano L, Yildiz MA, Heaton MP, Liu WS, Lei CZ, Reecy JM, Saif-Ur-Rehman M, Schnabel RD, Taylor JF.<\/span><br \/>\n<span style=\"font-size: 14px;\"><a href=\"http:\/\/arxiv.org\/abs\/1309.5118\" target=\"_ blank\" rel=\"noopener noreferrer\">Worldwide patterns of ancestry, divergence, and admixture in domesticated cattle<\/a>.<\/span><br \/>\n<span style=\"font-size: 14px;\">PLoS Genet. 2014 Mar 27;10(3):e1004254. doi: 10.1371\/journal.pgen.1004254. eCollection 2014 Mar. PubMed PMID: 24675901; PubMed Central PMCID: PMC3967955.<\/span><\/p>\n<p><span style=\"font-size: 14px;\">Fisher CA, Bhattarai EK, Osterstock JB, Dowd SE, Seabury PM, Vikram M, Whitlock RH, Schukken YH, Schnabel RD, Taylor JF, Womack JE,\u00a0<strong>Seabury CM<\/strong>.<\/span><br \/>\n<span style=\"font-size: 14px;\"><a href=\"http:\/\/agrilife.org\/afridairycowfertility\/related-manuscripts\/related-materials-seabury\/Evolution%20of%20the%20bovine%20TLR%20gene%20family%20and%20member%20associations%20with%20Mycobacterium%20avium%20subspecies%20paratuberculosis%20infection\" target=\"_ blank\" rel=\"noopener noreferrer\">Evolution of the bovine TLR gene family and member associations with Mycobacterium avium subspecies paratuberculosis infection<\/a>.<\/span><br \/>\n<span style=\"font-size: 14px;\">PLoS One. 2011;6(11):e27744. doi: 10.1371\/journal.pone.0027744. Epub 2011 Nov 30. Erratum in: PLoS One.<\/span><br \/>\n<span style=\"font-size: 14px;\">2012;7(1):doi\/10.1371\/annotation\/429afd9a-2892-47ac-a403-008496b2e8db. PLoS One.<\/span><br \/>\n<span style=\"font-size: 14px;\">2012;7(1):doi\/10.1371\/annotation\/63a06de9-db62-4651-87f3-a5fd431dcd80. PLoS One.<\/span><br \/>\n<span style=\"font-size: 14px;\">2012;7(2):doi\/10.1371\/annotation\/a84f0490-55cd-4b42-8b2e-72661fabfc22. PubMed<\/span><br \/>\n<span style=\"font-size: 14px;\">PMID: 22164200; PubMed Central PMCID: PMC3227585.<\/span><\/p>\n<p><span style=\"font-size: 14px;\"><strong>Seabury CM<\/strong>, Seabury PM, Decker JE, Schnabel RD, Taylor JF, Womack JE.<\/span><br \/>\n<span style=\"font-size: 14px;\"><a href=\"http:\/\/adsabs.harvard.edu\/abs\/2010PNAS..107..151S\" target=\"_ blank\" rel=\"noopener noreferrer\">Diversity and evolution of 11 innate immune genes in Bos taurus taurus and Bos taurus indicus cattle<\/a>.<\/span><br \/>\n<span style=\"font-size: 14px;\">Proc Natl Acad Sci U S A. 2010 Jan 5;107(1):151-6. doi: 10.1073\/pnas.0913006107. Epub 2009 Dec 14. PubMed PMID: 20018671; PubMed Central PMCID: PMC2806759.<\/span><br \/>\n<span style=\"font-size: 14px;\">Request a copy of this atricle from the author\u00a0<a href=\"mailto:cseabury@cvm.tamu.edu?subject=Diversity%20and%20evolution%20of%2011%20innate%20immune%20genes%20in%20Bos%20taurus%20taurus%20and%20Bos%20taurus%20indicus%20cattle%0A&amp;body=Please%20send%20the%20following%20article%20article;%0A%0A'Diversity%20and%20evolution%20of%2011%20innate%20immune%20genes%20in%20Bos%20taurus%20taurus%20and%20Bos%20taurus%20indicus%20cattle'%0A%0ADear%20Dr.%20Seabury,\">here<\/a>.<\/span><\/p>\n<p><span style=\"font-size: 14px;\">Gillenwaters EN,\u00a0<strong>Seabury CM<\/strong>, Elliott JS, Womack JE.<\/span><br \/>\n<span style=\"font-size: 14px;\"><a href=\"http:\/\/www.ncbi.nlm.nih.gov\/pubmed\/19136450\" target=\"_ blank\" rel=\"noopener noreferrer\">Sequence analysis and polymorphism discovery in 4 members of the bovine cathelicidin gene family<\/a>.<\/span><br \/>\n<span style=\"font-size: 14px;\">J Hered. 2009 Mar-Apr;100(2):241-5. doi: 10.1093\/jhered\/esn112. Epub 2009 Jan 8. PubMed PMID: 19136450.<\/span><\/p>\n<p><span style=\"font-size: 14px;\"><strong>Seabury CM<\/strong>, Womack JE.<\/span><br \/>\n<span style=\"font-size: 14px;\"><a href=\"http:\/\/www.ncbi.nlm.nih.gov\/pubmed\/18639626\" target=\"_ balnk\" rel=\"noopener noreferrer\">Analysis of sequence variability and protein domain architectures for bovine peptidoglycan recognition protein 1 and Toll-like receptors 2 and 6<\/a>.<\/span><br \/>\n<span style=\"font-size: 14px;\">Genomics. 2008 Oct;92(4):235-45. doi: 10.1016\/j.ygeno.2008.06.005. Epub 2008 Aug 9. PubMed PMID: 18639626.<\/span><br \/>\n<span style=\"font-size: 14px;\">Request a copy of this atricle from the author\u00a0<a href=\"mailto:cseabury@cvm.tamu.edu?subject=Analysis%20of%20sequence%20variability%20and%20protein%20domain%20architectures%20for%20bovine%20peptidoglycan%20recognition%20protein%201%20and%20Toll-like%20receptors%202%20and%206%0A&amp;body=Please%20send%20the%20following%20article%20article;%0A%0A'Analysis%20of%20sequence%20variability%20and%20protein%20domain%20architectures%20for%20bovine%20peptidoglycan%20recognition%20protein%201%20and%20Toll-like%20receptors%202%20and%206'%0A%0ADear%20Dr.%20Seabury,\">here<\/a>.<\/span><\/p>\n<p><span style=\"font-size: 14px;\"><strong>Seabury CM<\/strong>, Cargill EJ, Womack JE.<\/span><br \/>\n<span style=\"font-size: 14px;\"><a href=\"http:\/\/www.ncbi.nlm.nih.gov\/pubmed\/17719743\" target=\"_ blank\" rel=\"noopener noreferrer\">Sequence variability and protein domain architectures for bovine Toll-like receptors 1, 5, and 10<\/a>.<\/span><br \/>\n<span style=\"font-size: 14px;\">Genomics. 2007 Oct;90(4):502-15. Epub 2007 Aug 27. PubMed PMID: 17719743.<\/span><br \/>\n<span style=\"font-size: 14px;\">Request a copy of this atricle from the author\u00a0<a href=\"mailto:cseabury@cvm.tamu.edu?subject=Sequence%20variability%20and%20protein%20domain%20architectures%20for%20bovine%20Toll-like%20receptors%201,%205,%20and%2010%0A&amp;body=Please%20send%20the%20following%20article%20article;%0A%0A'Sequence%20variability%20and%20protein%20domain%20architectures%20for%20bovine%20Toll-like%20receptors%201,%205,%20and%2010'%0A%0ADear%20Dr.%20Seabury,\">here<\/a>.<\/span><\/p>\n<p><span style=\"font-size: 14px;\"><strong>Seabury CM<\/strong>, Womack JE, Piedrahita J, Derr JN.<\/span><br \/>\n<span style=\"font-size: 14px;\"><a href=\"http:\/\/www.ncbi.nlm.nih.gov\/pubmed\/15520885\" target=\"_ blank\" rel=\"noopener noreferrer\">Comparative PRNP genotyping of U.S. cattle sires for potential association with BSE<\/a>.<\/span><br \/>\n<span style=\"font-size: 14px;\">Mamm Genome. 2004 Oct;15(10):828-33. PubMed PMID: 15520885.<\/span><br \/>\n<span style=\"font-size: 14px;\">Request a copy of this atricle from the author\u00a0<a href=\"mailto:cseabury@cvm.tamu.edu?subject=Comparative%20PRNP%20genotyping%20of%20U.S.%20cattle%20sires%20for%20potential%20association%20with%20BSE%0A&amp;body=Please%20send%20the%20following%20article%20article;%0A%0A'Comparative%20PRNP%20genotyping%20of%20U.S.%20cattle%20sires%20for%20potential%20association%20with%20BSE'%0A%0ADear%20Dr.%20Seabury,\">here<\/a>.<\/span><\/p>\n<p><span style=\"font-size: 14px;\"><strong>Seabury CM<\/strong>, Honeycutt RL, Rooney AP, Halbert ND, Derr JN.<\/span><br \/>\n<span style=\"font-size: 14px;\"><a href=\"http:\/\/www.ncbi.nlm.nih.gov\/pubmed\/15477588\" target=\"_ blank\" rel=\"noopener noreferrer\">Prion protein gene (PRNP) variants and evidence for strong purifying selection in functionally important regions of bovine exon 3<\/a>.<\/span><br \/>\n<span style=\"font-size: 14px;\">Proc Natl Acad Sci U S A. 2004 Oct 19;101(42):15142-7. Epub 2004 Oct 11. PubMed PMID: 15477588; PubMed Central<\/span><br \/>\n<span style=\"font-size: 14px;\">PMCID: PMC524052.<\/span><br \/>\n<span style=\"font-size: 14px;\">Request a copy of this atricle from the author\u00a0<a href=\"mailto:cseabury@cvm.tamu.edu?subject=Prion%20protein%20gene%20(PRNP)%20variants%20and%20evidence%20for%20strong%20purifying%20selection%20in%20functionally%20important%20regions%20of%20bovine%20exon%203%0A&amp;body=Please%20send%20the%20following%20article%20article;%0A%0A'Prion%20protein%20gene%20(PRNP)%20variants%20and%20evidence%20for%20strong%20purifying%20selection%20in%20functionally%20important%20regions%20of%20bovine%20exon%203'%0A%0ADear%20Dr.%20Seabury,\">here<\/a>.<\/span>[\/vc_column_text][\/vc_column][\/vc_row]<\/p>\n<\/div>","protected":false},"excerpt":{"rendered":"<p>[vc_row][vc_column][vc_column_text] Christopher Seabury, MS, PhD, Assistant Professor Intercollegiate Faculty of Genetics Co-Project Director Texas A&amp;M University Manuscripts Decker JE, McKay SD, Rolf MM, Kim J, Molina Alcal\u00e1 A, Sonstegard TS, Hanotte O, G\u00f6therstr\u00f6m A,\u00a0Seabury CM, Praharani L, Babar ME, Correia de Almeida Regitano L, Yildiz MA, Heaton MP, Liu WS, Lei CZ, Reecy JM, Saif-Ur-Rehman&hellip;<\/p>\n","protected":false},"author":8,"featured_media":0,"parent":0,"menu_order":0,"comment_status":"closed","ping_status":"closed","template":"","meta":{"footnotes":""},"class_list":["post-62","page","type-page","status-publish","hentry"],"yoast_head":"<!-- This site is optimized with the Yoast SEO plugin v27.4 - https:\/\/yoast.com\/product\/yoast-seo-wordpress\/ -->\n<title>Christopher Seabury - DCR<\/title>\n<meta name=\"robots\" content=\"index, follow, max-snippet:-1, max-image-preview:large, max-video-preview:-1\" \/>\n<link rel=\"canonical\" href=\"https:\/\/agsci.colostate.edu\/dcr\/christopher-seabury\/\" \/>\n<meta property=\"og:locale\" content=\"en_US\" \/>\n<meta property=\"og:type\" content=\"article\" \/>\n<meta property=\"og:title\" content=\"Christopher Seabury - DCR\" \/>\n<meta property=\"og:description\" content=\"[vc_row][vc_column][vc_column_text] Christopher Seabury, MS, PhD, Assistant Professor Intercollegiate Faculty of Genetics Co-Project Director Texas A&amp;M University Manuscripts Decker JE, McKay SD, Rolf MM, Kim J, Molina Alcal\u00e1 A, Sonstegard TS, Hanotte O, G\u00f6therstr\u00f6m A,\u00a0Seabury CM, Praharani L, Babar ME, Correia de Almeida Regitano L, Yildiz MA, Heaton MP, Liu WS, Lei CZ, Reecy JM, Saif-Ur-Rehman&hellip;\" \/>\n<meta property=\"og:url\" content=\"https:\/\/agsci.colostate.edu\/dcr\/christopher-seabury\/\" \/>\n<meta property=\"og:site_name\" content=\"DCR\" \/>\n<meta name=\"twitter:card\" content=\"summary_large_image\" \/>\n<script type=\"application\/ld+json\" class=\"yoast-schema-graph\">{\"@context\":\"https:\\\/\\\/schema.org\",\"@graph\":[{\"@type\":\"WebPage\",\"@id\":\"https:\\\/\\\/agsci.colostate.edu\\\/dcr\\\/christopher-seabury\\\/\",\"url\":\"https:\\\/\\\/agsci.colostate.edu\\\/dcr\\\/christopher-seabury\\\/\",\"name\":\"Christopher Seabury - DCR\",\"isPartOf\":{\"@id\":\"https:\\\/\\\/agsci.colostate.edu\\\/dcr\\\/#website\"},\"datePublished\":\"2019-05-03T15:17:21+00:00\",\"breadcrumb\":{\"@id\":\"https:\\\/\\\/agsci.colostate.edu\\\/dcr\\\/christopher-seabury\\\/#breadcrumb\"},\"inLanguage\":\"en-US\",\"potentialAction\":[{\"@type\":\"ReadAction\",\"target\":[\"https:\\\/\\\/agsci.colostate.edu\\\/dcr\\\/christopher-seabury\\\/\"]}]},{\"@type\":\"BreadcrumbList\",\"@id\":\"https:\\\/\\\/agsci.colostate.edu\\\/dcr\\\/christopher-seabury\\\/#breadcrumb\",\"itemListElement\":[{\"@type\":\"ListItem\",\"position\":1,\"name\":\"Home\",\"item\":\"https:\\\/\\\/agsci.colostate.edu\\\/dcr\\\/\"},{\"@type\":\"ListItem\",\"position\":2,\"name\":\"Christopher Seabury\"}]},{\"@type\":\"WebSite\",\"@id\":\"https:\\\/\\\/agsci.colostate.edu\\\/dcr\\\/#website\",\"url\":\"https:\\\/\\\/agsci.colostate.edu\\\/dcr\\\/\",\"name\":\"DCR\",\"description\":\"Just another College of Agricultural Sciences site\",\"potentialAction\":[{\"@type\":\"SearchAction\",\"target\":{\"@type\":\"EntryPoint\",\"urlTemplate\":\"https:\\\/\\\/agsci.colostate.edu\\\/dcr\\\/?s={search_term_string}\"},\"query-input\":{\"@type\":\"PropertyValueSpecification\",\"valueRequired\":true,\"valueName\":\"search_term_string\"}}],\"inLanguage\":\"en-US\"}]}<\/script>\n<!-- \/ Yoast SEO plugin. -->","yoast_head_json":{"title":"Christopher Seabury - DCR","robots":{"index":"index","follow":"follow","max-snippet":"max-snippet:-1","max-image-preview":"max-image-preview:large","max-video-preview":"max-video-preview:-1"},"canonical":"https:\/\/agsci.colostate.edu\/dcr\/christopher-seabury\/","og_locale":"en_US","og_type":"article","og_title":"Christopher Seabury - DCR","og_description":"[vc_row][vc_column][vc_column_text] Christopher Seabury, MS, PhD, Assistant Professor Intercollegiate Faculty of Genetics Co-Project Director Texas A&amp;M University Manuscripts Decker JE, McKay SD, Rolf MM, Kim J, Molina Alcal\u00e1 A, Sonstegard TS, Hanotte O, G\u00f6therstr\u00f6m A,\u00a0Seabury CM, Praharani L, Babar ME, Correia de Almeida Regitano L, Yildiz MA, Heaton MP, Liu WS, Lei CZ, Reecy JM, Saif-Ur-Rehman&hellip;","og_url":"https:\/\/agsci.colostate.edu\/dcr\/christopher-seabury\/","og_site_name":"DCR","twitter_card":"summary_large_image","schema":{"@context":"https:\/\/schema.org","@graph":[{"@type":"WebPage","@id":"https:\/\/agsci.colostate.edu\/dcr\/christopher-seabury\/","url":"https:\/\/agsci.colostate.edu\/dcr\/christopher-seabury\/","name":"Christopher Seabury - DCR","isPartOf":{"@id":"https:\/\/agsci.colostate.edu\/dcr\/#website"},"datePublished":"2019-05-03T15:17:21+00:00","breadcrumb":{"@id":"https:\/\/agsci.colostate.edu\/dcr\/christopher-seabury\/#breadcrumb"},"inLanguage":"en-US","potentialAction":[{"@type":"ReadAction","target":["https:\/\/agsci.colostate.edu\/dcr\/christopher-seabury\/"]}]},{"@type":"BreadcrumbList","@id":"https:\/\/agsci.colostate.edu\/dcr\/christopher-seabury\/#breadcrumb","itemListElement":[{"@type":"ListItem","position":1,"name":"Home","item":"https:\/\/agsci.colostate.edu\/dcr\/"},{"@type":"ListItem","position":2,"name":"Christopher Seabury"}]},{"@type":"WebSite","@id":"https:\/\/agsci.colostate.edu\/dcr\/#website","url":"https:\/\/agsci.colostate.edu\/dcr\/","name":"DCR","description":"Just another College of Agricultural Sciences site","potentialAction":[{"@type":"SearchAction","target":{"@type":"EntryPoint","urlTemplate":"https:\/\/agsci.colostate.edu\/dcr\/?s={search_term_string}"},"query-input":{"@type":"PropertyValueSpecification","valueRequired":true,"valueName":"search_term_string"}}],"inLanguage":"en-US"}]}},"_links":{"self":[{"href":"https:\/\/agsci.colostate.edu\/dcr\/wp-json\/wp\/v2\/pages\/62","targetHints":{"allow":["GET"]}}],"collection":[{"href":"https:\/\/agsci.colostate.edu\/dcr\/wp-json\/wp\/v2\/pages"}],"about":[{"href":"https:\/\/agsci.colostate.edu\/dcr\/wp-json\/wp\/v2\/types\/page"}],"author":[{"embeddable":true,"href":"https:\/\/agsci.colostate.edu\/dcr\/wp-json\/wp\/v2\/users\/8"}],"replies":[{"embeddable":true,"href":"https:\/\/agsci.colostate.edu\/dcr\/wp-json\/wp\/v2\/comments?post=62"}],"version-history":[{"count":1,"href":"https:\/\/agsci.colostate.edu\/dcr\/wp-json\/wp\/v2\/pages\/62\/revisions"}],"predecessor-version":[{"id":63,"href":"https:\/\/agsci.colostate.edu\/dcr\/wp-json\/wp\/v2\/pages\/62\/revisions\/63"}],"wp:attachment":[{"href":"https:\/\/agsci.colostate.edu\/dcr\/wp-json\/wp\/v2\/media?parent=62"}],"curies":[{"name":"wp","href":"https:\/\/api.w.org\/{rel}","templated":true}]}}